{"id":21108,"date":"2026-03-25T20:19:47","date_gmt":"2026-03-25T19:19:47","guid":{"rendered":"https:\/\/agencewebpro.shop\/?page_id=21108"},"modified":"2026-03-25T20:26:33","modified_gmt":"2026-03-25T19:26:33","slug":"mentions-legales-politique-de-confidentialite","status":"publish","type":"page","link":"https:\/\/agencewebpro.shop\/index.php\/mentions-legales-politique-de-confidentialite\/","title":{"rendered":"Mentions l\u00e9gales &amp; Politique de confidentialit\u00e9"},"content":{"rendered":"\t\t<div data-elementor-type=\"wp-page\" data-elementor-id=\"21108\" class=\"elementor elementor-21108\">\n\t\t\t\t<div class=\"elementor-element elementor-element-f1c2fb3 e-flex e-con-boxed wcf-starter-animations-none e-con e-parent\" data-id=\"f1c2fb3\" data-element_type=\"container\" data-e-type=\"container\" data-settings=\"{&quot;wcf_enable_cursor_hover_effect_text&quot;:&quot;View&quot;,&quot;wcf-animation&quot;:&quot;none&quot;,&quot;wcf_enable_pin_area&quot;:&quot;no&quot;,&quot;aae_enable_header_sticky_area&quot;:&quot;no&quot;,&quot;wcf_enable_horizontal_scroll&quot;:&quot;no&quot;}\">\n\t\t\t\t\t<div class=\"e-con-inner\">\n\t\t\t\t<div class=\"elementor-element elementor-element-68b0afb wcf-starter-animations-none wcf-t-animation-none elementor-widget elementor-widget-text-editor\" data-id=\"68b0afb\" data-element_type=\"widget\" data-e-type=\"widget\" data-settings=\"{&quot;wcf_starter_animations&quot;:&quot;none&quot;,&quot;wcf_anim_duration&quot;:1000,&quot;wcf_anim_delay&quot;:0,&quot;wcf_anim_ease&quot;:&quot;ease&quot;,&quot;wcf_text_animation&quot;:&quot;none&quot;,&quot;wcf-animation&quot;:&quot;none&quot;}\" data-widget_type=\"text-editor.default\">\n\t\t\t\t\t\t\t\t\t<h2 data-section-id=\"jm8o16\" data-start=\"249\" data-end=\"271\">1. Mentions l\u00e9gales<\/h2><h3 data-section-id=\"1a8tri\" data-start=\"273\" data-end=\"292\">\u00c9diteur du site<\/h3><p data-start=\"293\" data-end=\"324\">Le pr\u00e9sent site est \u00e9dit\u00e9 par :<\/p><p data-start=\"326\" data-end=\"619\"><strong data-start=\"326\" data-end=\"351\">Nom de l\u2019entreprise :<\/strong>\u00a0 Agence web pro<br data-start=\"375\" data-end=\"378\" \/><strong data-start=\"378\" data-end=\"410\">Responsable de publication :<\/strong> Amadou Bousso<br data-start=\"424\" data-end=\"427\" \/><strong data-start=\"427\" data-end=\"439\">Statut : <\/strong>Freelance<br data-start=\"484\" data-end=\"487\" \/><strong data-start=\"487\" data-end=\"500\">Adresse :<\/strong> S\u00e9n\u00e9gal (\u00e0 pr\u00e9ciser : ville recommand\u00e9e)<br data-start=\"541\" data-end=\"544\" \/><strong data-start=\"544\" data-end=\"559\">T\u00e9l\u00e9phone :<\/strong> +221 76 636 67 03<br data-start=\"577\" data-end=\"580\" \/><strong data-start=\"580\" data-end=\"591\">Email :<\/strong> Contact@agencewebpro.shop<\/p><hr data-start=\"621\" data-end=\"624\" \/><h3 data-section-id=\"ouvldu\" data-start=\"626\" data-end=\"641\">H\u00e9bergement<\/h3><p data-start=\"642\" data-end=\"667\">Le site est h\u00e9berg\u00e9 par :<\/p><p data-start=\"669\" data-end=\"758\"><strong data-start=\"669\" data-end=\"684\">H\u00e9bergeur :<\/strong> Hostinger International Ltd.<br data-start=\"713\" data-end=\"716\" \/><strong data-start=\"716\" data-end=\"730\">Site web :<\/strong> <a class=\"decorated-link\" href=\"https:\/\/www.hostinger.com\" target=\"_new\" rel=\"noopener\" data-start=\"731\" data-end=\"756\">https:\/\/www.hostinger.com<\/a><\/p><hr data-start=\"760\" data-end=\"763\" \/><h2 data-section-id=\"awajl0\" data-start=\"765\" data-end=\"779\">2. Activit\u00e9<\/h2><p data-start=\"781\" data-end=\"830\">L\u2019agence propose des services digitaux incluant :<\/p><ul data-start=\"832\" data-end=\"1016\"><li data-section-id=\"k8yjwx\" data-start=\"832\" data-end=\"891\">cr\u00e9ation de sites web (WordPress, e-commerce, vitrines)<\/li><li data-section-id=\"1qe79wk\" data-start=\"892\" data-end=\"908\">design UI\/UX<\/li><li data-section-id=\"x60wcp\" data-start=\"909\" data-end=\"932\">r\u00e9f\u00e9rencement (SEO)<\/li><li data-section-id=\"eznvxx\" data-start=\"933\" data-end=\"973\">maintenance et optimisation de sites<\/li><li data-section-id=\"spy022\" data-start=\"974\" data-end=\"1016\">accompagnement digital des entreprises<\/li><\/ul><hr data-start=\"1018\" data-end=\"1021\" \/><h2 data-section-id=\"1a4zuxy\" data-start=\"1023\" data-end=\"1053\">3. Conditions d\u2019utilisation<\/h2><p data-start=\"1055\" data-end=\"1151\">L\u2019acc\u00e8s et l\u2019utilisation du site impliquent l\u2019acceptation sans r\u00e9serve des pr\u00e9sentes conditions.<\/p><p data-start=\"1153\" data-end=\"1248\">Le site est accessible 24h\/24, 7j\/7 sauf interruption pour maintenance ou cas de force majeure.<\/p><hr data-start=\"1250\" data-end=\"1253\" \/><h2 data-section-id=\"uod61o\" data-start=\"1255\" data-end=\"1285\">4. Propri\u00e9t\u00e9 intellectuelle<\/h2><p data-start=\"1287\" data-end=\"1414\">Tous les \u00e9l\u00e9ments du site (textes, images, logos, design, structure) sont prot\u00e9g\u00e9s par le droit de la propri\u00e9t\u00e9 intellectuelle.<\/p><p data-start=\"1416\" data-end=\"1516\">Toute reproduction, modification ou exploitation sans autorisation \u00e9crite est strictement interdite.<\/p><hr data-start=\"1518\" data-end=\"1521\" \/><h2 data-section-id=\"1qblofe\" data-start=\"1523\" data-end=\"1543\">5. Responsabilit\u00e9<\/h2><p data-start=\"1545\" data-end=\"1714\">L\u2019agence s\u2019efforce de fournir des informations fiables et \u00e0 jour.<br data-start=\"1610\" data-end=\"1613\" \/>Toutefois, elle ne saurait \u00eatre tenue responsable des erreurs, omissions ou indisponibilit\u00e9s du site.<\/p><hr data-start=\"1716\" data-end=\"1719\" \/><h1 data-section-id=\"1fqbex4\" data-start=\"1721\" data-end=\"1754\">\ud83d\udd12 Politique de confidentialit\u00e9<\/h1><h2 data-section-id=\"1rzr8f4\" data-start=\"1756\" data-end=\"1782\">6. Collecte des donn\u00e9es<\/h2><p data-start=\"1784\" data-end=\"1832\">Nous collectons certaines donn\u00e9es lorsque vous :<\/p><ul data-start=\"1834\" data-end=\"1936\"><li data-section-id=\"jo8gr6\" data-start=\"1834\" data-end=\"1873\">remplissez un formulaire de contact<\/li><li data-section-id=\"uz3yqu\" data-start=\"1874\" data-end=\"1895\">demandez un devis<\/li><li data-section-id=\"14lf9am\" data-start=\"1896\" data-end=\"1936\">prenez contact via WhatsApp ou email<\/li><\/ul><p data-start=\"1938\" data-end=\"1978\">Les donn\u00e9es collect\u00e9es peuvent inclure :<\/p><ul data-start=\"1980\" data-end=\"2097\"><li data-section-id=\"xq2hqq\" data-start=\"1980\" data-end=\"1997\">Nom et pr\u00e9nom<\/li><li data-section-id=\"14i9cz7\" data-start=\"1998\" data-end=\"2015\">Adresse email<\/li><li data-section-id=\"1m5x4nj\" data-start=\"2016\" data-end=\"2039\">Num\u00e9ro de t\u00e9l\u00e9phone<\/li><li data-section-id=\"aratnp\" data-start=\"2040\" data-end=\"2063\">Nom de l\u2019entreprise<\/li><li data-section-id=\"ahkrvz\" data-start=\"2064\" data-end=\"2097\">Informations sur votre projet<\/li><\/ul><hr data-start=\"2099\" data-end=\"2102\" \/><h2 data-section-id=\"1i8p57m\" data-start=\"2104\" data-end=\"2130\">7. Finalit\u00e9 des donn\u00e9es<\/h2><p data-start=\"2132\" data-end=\"2165\">Les donn\u00e9es sont utilis\u00e9es pour :<\/p><ul data-start=\"2167\" data-end=\"2301\"><li data-section-id=\"19ockep\" data-start=\"2167\" data-end=\"2212\">r\u00e9pondre aux demandes de contact et devis<\/li><li data-section-id=\"yf6jtm\" data-start=\"2213\" data-end=\"2246\">fournir les services demand\u00e9s<\/li><li data-section-id=\"590y49\" data-start=\"2247\" data-end=\"2274\">assurer le suivi client<\/li><li data-section-id=\"1v08qfy\" data-start=\"2275\" data-end=\"2301\">am\u00e9liorer nos services<\/li><\/ul><hr data-start=\"2303\" data-end=\"2306\" \/><h2 data-section-id=\"bdbtb5\" data-start=\"2308\" data-end=\"2333\">8. Partage des donn\u00e9es<\/h2><p data-start=\"2335\" data-end=\"2434\">Vos donn\u00e9es ne sont <strong data-start=\"2355\" data-end=\"2394\">ni vendues, ni lou\u00e9es, ni partag\u00e9es<\/strong> avec des tiers, sauf obligation l\u00e9gale.<\/p><hr data-start=\"2436\" data-end=\"2439\" \/><h2 data-section-id=\"cljfq1\" data-start=\"2441\" data-end=\"2471\">9. Conservation des donn\u00e9es<\/h2><p data-start=\"2473\" data-end=\"2532\">Les donn\u00e9es sont conserv\u00e9es pendant une dur\u00e9e raisonnable :<\/p><ul data-start=\"2534\" data-end=\"2627\"><li data-section-id=\"wt0o47\" data-start=\"2534\" data-end=\"2565\">prospects : jusqu\u2019\u00e0 12 mois<\/li><li data-section-id=\"eb9z9x\" data-start=\"2566\" data-end=\"2627\">clients : jusqu\u2019\u00e0 5 ans (suivi commercial et administratif)<\/li><\/ul><hr data-start=\"2629\" data-end=\"2632\" \/><h2 data-section-id=\"1qx90v4\" data-start=\"2634\" data-end=\"2649\">10. S\u00e9curit\u00e9<\/h2><p data-start=\"2651\" data-end=\"2816\">Nous mettons en \u0153uvre toutes les mesures techniques et organisationnelles n\u00e9cessaires pour prot\u00e9ger vos donn\u00e9es contre tout acc\u00e8s non autoris\u00e9, perte ou divulgation.<\/p><hr data-start=\"2818\" data-end=\"2821\" \/><h2 data-section-id=\"942e70\" data-start=\"2823\" data-end=\"2837\">11. Cookies<\/h2><p data-start=\"2839\" data-end=\"2879\">Le site peut utiliser des cookies pour :<\/p><ul data-start=\"2881\" data-end=\"2942\"><li data-section-id=\"1fpzt42\" data-start=\"2881\" data-end=\"2903\">mesurer l\u2019audience<\/li><li data-section-id=\"1y50ax8\" data-start=\"2904\" data-end=\"2942\">am\u00e9liorer l\u2019exp\u00e9rience utilisateur<\/li><\/ul><p data-start=\"2944\" data-end=\"3000\">Vous pouvez d\u00e9sactiver les cookies via votre navigateur.<\/p><hr data-start=\"3002\" data-end=\"3005\" \/><h2 data-section-id=\"1yt92d1\" data-start=\"3007\" data-end=\"3024\">12. Vos droits<\/h2><p data-start=\"3026\" data-end=\"3103\">Conform\u00e9ment aux principes de protection des donn\u00e9es, vous avez le droit de :<\/p><ul data-start=\"3105\" data-end=\"3191\"><li data-section-id=\"9l3vyl\" data-start=\"3105\" data-end=\"3130\">acc\u00e9der \u00e0 vos donn\u00e9es<\/li><li data-section-id=\"19t1uj0\" data-start=\"3131\" data-end=\"3161\">rectifier vos informations<\/li><li data-section-id=\"fa2bov\" data-start=\"3162\" data-end=\"3191\">demander leur suppression<\/li><\/ul><p data-start=\"3193\" data-end=\"3234\">Pour exercer vos droits, contactez-nous :<\/p><p data-start=\"3236\" data-end=\"3296\">\ud83d\udce7 Email : Contact@agencewebpro.shop<br data-start=\"3260\" data-end=\"3263\" \/>\ud83d\udcde WhatsApp : +221 76 636 67 03<\/p><hr data-start=\"3298\" data-end=\"3301\" \/><h2 data-section-id=\"1xrlyop\" data-start=\"3303\" data-end=\"3321\">13. Mise \u00e0 jour<\/h2><p data-start=\"3323\" data-end=\"3436\">Cette politique peut \u00eatre modifi\u00e9e \u00e0 tout moment pour garantir sa conformit\u00e9 avec les r\u00e9glementations en vigueur.<\/p>\t\t\t\t\t\t\t\t<\/div>\n\t\t\t\t\t<\/div>\n\t\t\t\t<\/div>\n\t\t\t\t<\/div>\n\t\t","protected":false},"excerpt":{"rendered":"<p>1. Mentions l\u00e9gales \u00c9diteur du site Le pr\u00e9sent site est \u00e9dit\u00e9 par : Nom de l\u2019entreprise :\u00a0 Agence web proResponsable de publication : Amadou BoussoStatut : FreelanceAdresse : S\u00e9n\u00e9gal (\u00e0 pr\u00e9ciser : ville recommand\u00e9e)T\u00e9l\u00e9phone : +221 76 636 67 03Email : Contact@agencewebpro.shop H\u00e9bergement Le site est h\u00e9berg\u00e9 par : H\u00e9bergeur : Hostinger International Ltd.Site web [&hellip;]<\/p>\n","protected":false},"author":1,"featured_media":0,"parent":0,"menu_order":0,"comment_status":"closed","ping_status":"closed","template":"elementor_canvas","meta":{"footnotes":""},"class_list":["post-21108","page","type-page","status-publish","hentry"],"jetpack_sharing_enabled":true,"_links":{"self":[{"href":"https:\/\/agencewebpro.shop\/index.php\/wp-json\/wp\/v2\/pages\/21108","targetHints":{"allow":["GET"]}}],"collection":[{"href":"https:\/\/agencewebpro.shop\/index.php\/wp-json\/wp\/v2\/pages"}],"about":[{"href":"https:\/\/agencewebpro.shop\/index.php\/wp-json\/wp\/v2\/types\/page"}],"author":[{"embeddable":true,"href":"https:\/\/agencewebpro.shop\/index.php\/wp-json\/wp\/v2\/users\/1"}],"replies":[{"embeddable":true,"href":"https:\/\/agencewebpro.shop\/index.php\/wp-json\/wp\/v2\/comments?post=21108"}],"version-history":[{"count":7,"href":"https:\/\/agencewebpro.shop\/index.php\/wp-json\/wp\/v2\/pages\/21108\/revisions"}],"predecessor-version":[{"id":21116,"href":"https:\/\/agencewebpro.shop\/index.php\/wp-json\/wp\/v2\/pages\/21108\/revisions\/21116"}],"wp:attachment":[{"href":"https:\/\/agencewebpro.shop\/index.php\/wp-json\/wp\/v2\/media?parent=21108"}],"curies":[{"name":"wp","href":"https:\/\/api.w.org\/{rel}","templated":true}]}}